{"id":6008,"date":"2024-10-14T22:55:06","date_gmt":"2024-10-14T19:55:06","guid":{"rendered":"https:\/\/romania.wordcamp.org\/2024\/?page_id=6008"},"modified":"2024-11-07T11:23:01","modified_gmt":"2024-11-07T09:23:01","slug":"schedule","status":"publish","type":"page","link":"https:\/\/romania.wordcamp.org\/2024\/schedule\/","title":{"rendered":"Schedule"},"content":{"rendered":"\n<div class=\"wp-block-group has-global-padding is-layout-constrained wp-block-group-is-layout-constrained\" style=\"padding-top:var(--wp--preset--spacing--30);padding-bottom:var(--wp--preset--spacing--30)\">\n<p class=\"has-background\" style=\"background-color:#eeeeee\">EN: WordCamp Romania 2024 schedule is now live. Though slight changes may occur, our road is clear ahead and we&#8217;re looking forward to a great time together.<\/p>\n\n\n\n<p class=\"has-background\" style=\"background-color:#eeeeee\">RO: Programul WordCamp Rom\u00e2nia 2024 este acum live. De\u0219i pot ap\u0103rea mici schimb\u0103ri, drumul nostru este liber \u0219i a\u0219tept\u0103m cu ner\u0103bdare s\u0103 ne distr\u0103m de minune \u00eempreun\u0103.<br><\/p>\n<\/div>\n\n\n\n<div class=\"wp-block-group has-global-padding is-layout-constrained wp-block-group-is-layout-constrained\" style=\"padding-top:var(--wp--preset--spacing--10);padding-bottom:var(--wp--preset--spacing--50)\">\n<div\n\tclass=\"wp-block-wordcamp-schedule alignwide is-loading\"\n\t\tdata-attributes=\"{&quot;__isStylesPreview&quot;:false,&quot;align&quot;:&quot;wide&quot;,&quot;chooseSpecificDays&quot;:true,&quot;chosenDays&quot;:[],&quot;chooseSpecificTracks&quot;:false,&quot;chosenTrackIds&quot;:[],&quot;showCategories&quot;:true,&quot;useClientTimezone&quot;:true,&quot;className&quot;:&quot;is-style-default&quot;}\"\n>\n\tLoading&#8230;<\/div>\n\n\n\t<div class=\"email-form fav-session-email-form-hide\">\n\t\t<!-- Tab links -->\n\t\t<div class=\"fav-session-share-tab\">\n\t\t\t\t\t\t\t<div class=\"fav-session-tablinks\" id=\"fav-session-btn-email\">\n\t\t\t\t\tEmail\t\t\t\t<\/div>\n\t\t\t\n\t\t\t<div class=\"fav-session-tablinks\" id=\"fav-session-btn-link\">\n\t\t\t\tLink\t\t\t<\/div>\n\n\t\t\t<div class=\"fav-session-tablinks\" id=\"fav-session-btn-print\">\n\t\t\t\tPrint\t\t\t<\/div>\n\t\t<\/div>\n\n\t\t<!-- Tab content -->\n\t\t\t\t\t<div id=\"fav-session-tab-email\" class=\"fav-session-share-tabcontent\">\n\t\t\t\t<div id=\"fav-session-email-form\">\n\t\t\t\t\tSend me my favorite sessions:\n\t\t\t\t\t<form id=\"fav-sessions-form\">\n\t\t\t\t\t\t<input\n\t\t\t\t\t\t\ttype=\"text\"\n\t\t\t\t\t\t\tname=\"email_address\"\n\t\t\t\t\t\t\tid=\"fav-sessions-email-address\"\n\t\t\t\t\t\t\tplaceholder=\"me@protonmail.com\"\n\t\t\t\t\t\t\/>\n\t\t\t\t\t\t<input type=\"submit\" value=\"Send\" \/>\n\t\t\t\t\t<\/form>\n\t\t\t\t<\/div>\n\n\t\t\t\t<div class=\"fav-session-email-wait-spinner\"><\/div>\n\t\t\t\t<div class=\"fav-session-email-result\"><\/div>\n\t\t\t<\/div>\n\t\t\n\t\t<div id=\"fav-session-tab-link\" class=\"fav-session-share-tabcontent\">\n\t\t\tShareable link:\t\t\t<br \/>\n\t\t\t<a id=\"fav-sessions-link\" href=\"\"><\/a>\n\t\t<\/div>\n\n\t\t<div id=\"fav-session-tab-print\" class=\"fav-session-share-tabcontent\">\n\t\t\t<button id=\"fav-session-print\">\n\t\t\t\tPrint favorite sessions\t\t\t<\/button>\n\t\t<\/div>\n\t<\/div>\n\n\t<a class=\"show-email-form\" href=\"javascript:\">\n\t\t<span class=\"dashicons dashicons-star-filled\"><\/span>\n\t\t<span class=\"dashicons dashicons-email-alt\"><\/span>\n\t<\/a>\n\n\t<\/div>\n\n\n\n<div class=\"wp-block-group alignfull has-global-padding is-layout-constrained wp-block-group-is-layout-constrained\">\n<figure class=\"wp-block-image alignfull size-full\"><img data-recalc-dims=\"1\" loading=\"lazy\" decoding=\"async\" width=\"1920\" height=\"768\" src=\"https:\/\/i0.wp.com\/romania.wordcamp.org\/2024\/files\/2024\/11\/Venue-MAP-web1-1.png?resize=1920%2C768&#038;ssl=1\" alt=\"\" class=\"wp-image-6737\" srcset=\"https:\/\/i0.wp.com\/romania.wordcamp.org\/2024\/files\/2024\/11\/Venue-MAP-web1-1.png?w=1920&amp;ssl=1 1920w, https:\/\/i0.wp.com\/romania.wordcamp.org\/2024\/files\/2024\/11\/Venue-MAP-web1-1.png?resize=300%2C120&amp;ssl=1 300w, https:\/\/i0.wp.com\/romania.wordcamp.org\/2024\/files\/2024\/11\/Venue-MAP-web1-1.png?resize=1024%2C410&amp;ssl=1 1024w, https:\/\/i0.wp.com\/romania.wordcamp.org\/2024\/files\/2024\/11\/Venue-MAP-web1-1.png?resize=768%2C307&amp;ssl=1 768w, https:\/\/i0.wp.com\/romania.wordcamp.org\/2024\/files\/2024\/11\/Venue-MAP-web1-1.png?resize=500%2C200&amp;ssl=1 500w, https:\/\/i0.wp.com\/romania.wordcamp.org\/2024\/files\/2024\/11\/Venue-MAP-web1-1.png?resize=1536%2C614&amp;ssl=1 1536w\" sizes=\"auto, (max-width: 1000px) 100vw, 1000px\" \/><\/figure>\n<\/div>\n\n\n\n<div class=\"wp-block-group alignfull has-custom-color-3-background-color has-background has-global-padding is-layout-constrained wp-container-core-group-is-layout-df90ff71 wp-block-group-is-layout-constrained\" style=\"margin-top:0px;margin-bottom:0px;padding-top:var(--wp--preset--spacing--40);background-image:url(&apos;https:\/\/romania.wordcamp.org\/2024\/files\/2024\/07\/Group-138@2x.png&apos;);background-position:50% 100%;background-repeat:no-repeat;background-size:contain;\">\n<h2 class=\"wp-block-heading has-text-align-center is-style-default has-custom-color-5-color has-text-color has-link-color wp-elements-87bbd8609911c36523217983e940c86e\" style=\"padding-bottom:var(--wp--preset--spacing--40)\"><strong>Latest News<\/strong><\/h2>\n\n\n\n<div class=\"wp-block-query alignwide is-layout-flow wp-block-query-is-layout-flow\">\n<div class=\"wp-block-group is-layout-flow wp-block-group-is-layout-flow\" style=\"margin-top:0;margin-bottom:0;padding-top:var(--wp--preset--spacing--30);padding-right:0;padding-bottom:var(--wp--preset--spacing--30);padding-left:0\"><ul class=\"columns-2 alignfull wp-block-post-template is-layout-grid wp-container-core-post-template-is-layout-9e600e41 wp-block-post-template-is-layout-grid\"><li class=\"wp-block-post post-6934 post type-post status-publish format-standard has-post-thumbnail hentry category-latest-updates\">\n\n<div class=\"wp-block-columns wcro_latest_news_height has-custom-color-5-background-color has-background is-layout-flex wp-container-core-columns-is-layout-60c4a89a wp-block-columns-is-layout-flex\" style=\"padding-top:0;padding-right:0;padding-bottom:0;padding-left:0\">\n<div class=\"wp-block-column is-layout-flow wp-container-core-column-is-layout-92d440f1 wp-block-column-is-layout-flow\" style=\"padding-top:0;padding-bottom:0\"><figure style=\"aspect-ratio:3\/2; padding-bottom:0;margin-bottom:0;\" class=\"min_height wp-block-post-featured-image\"><a href=\"https:\/\/romania.wordcamp.org\/2024\/just-watch-the-epic-recap-of-wordcamp-romania-2024\/\" target=\"_self\"  ><img data-recalc-dims=\"1\" loading=\"lazy\" decoding=\"async\" width=\"2048\" height=\"1366\" src=\"https:\/\/i0.wp.com\/romania.wordcamp.org\/2024\/files\/2024\/12\/WCRO2024_Group_Photo_All.jpg?resize=2048%2C1366&#038;ssl=1\" class=\"attachment-post-thumbnail size-post-thumbnail wp-post-image\" alt=\"Just Watch the Epic Recap of WordCamp Romania 2024!\" style=\"border-top-right-radius:0px;border-top-left-radius:0px;border-bottom-left-radius:0px;border-bottom-right-radius:0px;width:100%;height:100%;object-fit:cover;\" srcset=\"https:\/\/i0.wp.com\/romania.wordcamp.org\/2024\/files\/2024\/12\/WCRO2024_Group_Photo_All.jpg?w=2048&amp;ssl=1 2048w, https:\/\/i0.wp.com\/romania.wordcamp.org\/2024\/files\/2024\/12\/WCRO2024_Group_Photo_All.jpg?resize=300%2C200&amp;ssl=1 300w, https:\/\/i0.wp.com\/romania.wordcamp.org\/2024\/files\/2024\/12\/WCRO2024_Group_Photo_All.jpg?resize=1024%2C683&amp;ssl=1 1024w, https:\/\/i0.wp.com\/romania.wordcamp.org\/2024\/files\/2024\/12\/WCRO2024_Group_Photo_All.jpg?resize=768%2C512&amp;ssl=1 768w, https:\/\/i0.wp.com\/romania.wordcamp.org\/2024\/files\/2024\/12\/WCRO2024_Group_Photo_All.jpg?resize=450%2C300&amp;ssl=1 450w, https:\/\/i0.wp.com\/romania.wordcamp.org\/2024\/files\/2024\/12\/WCRO2024_Group_Photo_All.jpg?resize=1536%2C1025&amp;ssl=1 1536w\" sizes=\"auto, (max-width: 1000px) 100vw, 1000px\" \/><\/a><\/figure><\/div>\n\n\n\n<div class=\"wp-block-column is-vertically-aligned-center latest_news_mobile_padding is-layout-flow wp-container-core-column-is-layout-03baf62a wp-block-column-is-layout-flow\" style=\"padding-top:1.2rem;padding-right:var(--wp--preset--spacing--10);padding-bottom:1.2rem;padding-left:var(--wp--preset--spacing--10)\"><div style=\"font-size:13px;\" class=\"has-text-align-center wp-block-post-date\"><time datetime=\"2024-12-06T08:03:35+02:00\">December 6, 2024<\/time><\/div>\n\n<h2 style=\"font-size:clamp(14px, 0.875rem + ((1vw - 3.2px) * 0.469), 20px);\" class=\"has-text-align-center wp-block-post-title wp-container-content-32e3a40d\"><a href=\"https:\/\/romania.wordcamp.org\/2024\/just-watch-the-epic-recap-of-wordcamp-romania-2024\/\" target=\"_self\" >Just Watch the Epic Recap of WordCamp Romania 2024!<\/a><\/h2>\n\n<a style=\"font-size:13px;font-style:normal;font-weight:500; margin-bottom:0;\" class=\"wcro_latest-updates_page_read-more_btn wp-block-read-more\" href=\"https:\/\/romania.wordcamp.org\/2024\/just-watch-the-epic-recap-of-wordcamp-romania-2024\/\" target=\"_self\">READ MORE<span class=\"screen-reader-text\">: Just Watch the Epic Recap of WordCamp Romania 2024!<\/span><\/a><\/div>\n<\/div>\n\n<\/li><li class=\"wp-block-post post-6896 post type-post status-publish format-standard has-post-thumbnail hentry category-latest-updates\">\n\n<div class=\"wp-block-columns wcro_latest_news_height has-custom-color-5-background-color has-background is-layout-flex wp-container-core-columns-is-layout-60c4a89a wp-block-columns-is-layout-flex\" style=\"padding-top:0;padding-right:0;padding-bottom:0;padding-left:0\">\n<div class=\"wp-block-column is-layout-flow wp-container-core-column-is-layout-92d440f1 wp-block-column-is-layout-flow\" style=\"padding-top:0;padding-bottom:0\"><figure style=\"aspect-ratio:3\/2; padding-bottom:0;margin-bottom:0;\" class=\"min_height wp-block-post-featured-image\"><a href=\"https:\/\/romania.wordcamp.org\/2024\/revolutionizing-wordpress-bogdan-dragomirs-secrets-to-hybrid-web-apps\/\" target=\"_self\"  ><img data-recalc-dims=\"1\" loading=\"lazy\" decoding=\"async\" width=\"2560\" height=\"2122\" src=\"https:\/\/i0.wp.com\/romania.wordcamp.org\/2024\/files\/2024\/11\/DSC06697-scaled.jpg?resize=2560%2C2122&#038;ssl=1\" class=\"attachment-post-thumbnail size-post-thumbnail wp-post-image\" alt=\"Revolutionizing WordPress: Bogdan Dragomir\u2019s Secrets to Hybrid Web Apps!\" style=\"border-top-right-radius:0px;border-top-left-radius:0px;border-bottom-left-radius:0px;border-bottom-right-radius:0px;width:100%;height:100%;object-fit:cover;\" srcset=\"https:\/\/i0.wp.com\/romania.wordcamp.org\/2024\/files\/2024\/11\/DSC06697-scaled.jpg?w=2560&amp;ssl=1 2560w, https:\/\/i0.wp.com\/romania.wordcamp.org\/2024\/files\/2024\/11\/DSC06697-scaled.jpg?resize=300%2C249&amp;ssl=1 300w, https:\/\/i0.wp.com\/romania.wordcamp.org\/2024\/files\/2024\/11\/DSC06697-scaled.jpg?resize=1024%2C849&amp;ssl=1 1024w, https:\/\/i0.wp.com\/romania.wordcamp.org\/2024\/files\/2024\/11\/DSC06697-scaled.jpg?resize=768%2C637&amp;ssl=1 768w, https:\/\/i0.wp.com\/romania.wordcamp.org\/2024\/files\/2024\/11\/DSC06697-scaled.jpg?resize=362%2C300&amp;ssl=1 362w, https:\/\/i0.wp.com\/romania.wordcamp.org\/2024\/files\/2024\/11\/DSC06697-scaled.jpg?resize=1536%2C1273&amp;ssl=1 1536w, https:\/\/i0.wp.com\/romania.wordcamp.org\/2024\/files\/2024\/11\/DSC06697-scaled.jpg?resize=2048%2C1698&amp;ssl=1 2048w\" sizes=\"auto, (max-width: 1000px) 100vw, 1000px\" \/><\/a><\/figure><\/div>\n\n\n\n<div class=\"wp-block-column is-vertically-aligned-center latest_news_mobile_padding is-layout-flow wp-container-core-column-is-layout-03baf62a wp-block-column-is-layout-flow\" style=\"padding-top:1.2rem;padding-right:var(--wp--preset--spacing--10);padding-bottom:1.2rem;padding-left:var(--wp--preset--spacing--10)\"><div style=\"font-size:13px;\" class=\"has-text-align-center wp-block-post-date\"><time datetime=\"2024-11-18T19:32:04+02:00\">November 18, 2024<\/time><\/div>\n\n<h2 style=\"font-size:clamp(14px, 0.875rem + ((1vw - 3.2px) * 0.469), 20px);\" class=\"has-text-align-center wp-block-post-title wp-container-content-32e3a40d\"><a href=\"https:\/\/romania.wordcamp.org\/2024\/revolutionizing-wordpress-bogdan-dragomirs-secrets-to-hybrid-web-apps\/\" target=\"_self\" >Revolutionizing WordPress: Bogdan Dragomir\u2019s Secrets to Hybrid Web Apps!<\/a><\/h2>\n\n<a style=\"font-size:13px;font-style:normal;font-weight:500; margin-bottom:0;\" class=\"wcro_latest-updates_page_read-more_btn wp-block-read-more\" href=\"https:\/\/romania.wordcamp.org\/2024\/revolutionizing-wordpress-bogdan-dragomirs-secrets-to-hybrid-web-apps\/\" target=\"_self\">READ MORE<span class=\"screen-reader-text\">: Revolutionizing WordPress: Bogdan Dragomir\u2019s Secrets to Hybrid Web Apps!<\/span><\/a><\/div>\n<\/div>\n\n<\/li><li class=\"wp-block-post post-6892 post type-post status-publish format-standard has-post-thumbnail hentry category-latest-updates\">\n\n<div class=\"wp-block-columns wcro_latest_news_height has-custom-color-5-background-color has-background is-layout-flex wp-container-core-columns-is-layout-60c4a89a wp-block-columns-is-layout-flex\" style=\"padding-top:0;padding-right:0;padding-bottom:0;padding-left:0\">\n<div class=\"wp-block-column is-layout-flow wp-container-core-column-is-layout-92d440f1 wp-block-column-is-layout-flow\" style=\"padding-top:0;padding-bottom:0\"><figure style=\"aspect-ratio:3\/2; padding-bottom:0;margin-bottom:0;\" class=\"min_height wp-block-post-featured-image\"><a href=\"https:\/\/romania.wordcamp.org\/2024\/gratitude-in-action-thank-you-wp-booking-system-for-being-a-sponsor\/\" target=\"_self\"  ><img data-recalc-dims=\"1\" loading=\"lazy\" decoding=\"async\" width=\"1200\" height=\"800\" src=\"https:\/\/i0.wp.com\/romania.wordcamp.org\/2024\/files\/2024\/09\/wpbs.jpg?resize=1200%2C800&#038;ssl=1\" class=\"attachment-post-thumbnail size-post-thumbnail wp-post-image\" alt=\"Gratitude in Action: Thank You, WP Booking System for Being a Sponsor!\" style=\"border-top-right-radius:0px;border-top-left-radius:0px;border-bottom-left-radius:0px;border-bottom-right-radius:0px;width:100%;height:100%;object-fit:cover;\" srcset=\"https:\/\/i0.wp.com\/romania.wordcamp.org\/2024\/files\/2024\/09\/wpbs.jpg?w=1200&amp;ssl=1 1200w, https:\/\/i0.wp.com\/romania.wordcamp.org\/2024\/files\/2024\/09\/wpbs.jpg?resize=300%2C200&amp;ssl=1 300w, https:\/\/i0.wp.com\/romania.wordcamp.org\/2024\/files\/2024\/09\/wpbs.jpg?resize=1024%2C683&amp;ssl=1 1024w, https:\/\/i0.wp.com\/romania.wordcamp.org\/2024\/files\/2024\/09\/wpbs.jpg?resize=768%2C512&amp;ssl=1 768w, https:\/\/i0.wp.com\/romania.wordcamp.org\/2024\/files\/2024\/09\/wpbs.jpg?resize=450%2C300&amp;ssl=1 450w\" sizes=\"auto, (max-width: 1000px) 100vw, 1000px\" \/><\/a><\/figure><\/div>\n\n\n\n<div class=\"wp-block-column is-vertically-aligned-center latest_news_mobile_padding is-layout-flow wp-container-core-column-is-layout-03baf62a wp-block-column-is-layout-flow\" style=\"padding-top:1.2rem;padding-right:var(--wp--preset--spacing--10);padding-bottom:1.2rem;padding-left:var(--wp--preset--spacing--10)\"><div style=\"font-size:13px;\" class=\"has-text-align-center wp-block-post-date\"><time datetime=\"2024-11-15T23:33:30+02:00\">November 15, 2024<\/time><\/div>\n\n<h2 style=\"font-size:clamp(14px, 0.875rem + ((1vw - 3.2px) * 0.469), 20px);\" class=\"has-text-align-center wp-block-post-title wp-container-content-32e3a40d\"><a href=\"https:\/\/romania.wordcamp.org\/2024\/gratitude-in-action-thank-you-wp-booking-system-for-being-a-sponsor\/\" target=\"_self\" >Gratitude in Action: Thank You, WP Booking System for Being a Sponsor!<\/a><\/h2>\n\n<a style=\"font-size:13px;font-style:normal;font-weight:500; margin-bottom:0;\" class=\"wcro_latest-updates_page_read-more_btn wp-block-read-more\" href=\"https:\/\/romania.wordcamp.org\/2024\/gratitude-in-action-thank-you-wp-booking-system-for-being-a-sponsor\/\" target=\"_self\">READ MORE<span class=\"screen-reader-text\">: Gratitude in Action: Thank You, WP Booking System for Being a Sponsor!<\/span><\/a><\/div>\n<\/div>\n\n<\/li><li class=\"wp-block-post post-6880 post type-post status-publish format-standard has-post-thumbnail hentry category-latest-updates\">\n\n<div class=\"wp-block-columns wcro_latest_news_height has-custom-color-5-background-color has-background is-layout-flex wp-container-core-columns-is-layout-60c4a89a wp-block-columns-is-layout-flex\" style=\"padding-top:0;padding-right:0;padding-bottom:0;padding-left:0\">\n<div class=\"wp-block-column is-layout-flow wp-container-core-column-is-layout-92d440f1 wp-block-column-is-layout-flow\" style=\"padding-top:0;padding-bottom:0\"><figure style=\"aspect-ratio:3\/2; padding-bottom:0;margin-bottom:0;\" class=\"min_height wp-block-post-featured-image\"><a href=\"https:\/\/romania.wordcamp.org\/2024\/get-ready-ursapuu-and-dracupuu-are-coming-to-wordcamp-romania-2024-tomorrow\/\" target=\"_self\"  ><img data-recalc-dims=\"1\" loading=\"lazy\" decoding=\"async\" width=\"2560\" height=\"1920\" src=\"https:\/\/i0.wp.com\/romania.wordcamp.org\/2024\/files\/2024\/11\/IMG_0938-scaled.jpg?resize=2560%2C1920&#038;ssl=1\" class=\"attachment-post-thumbnail size-post-thumbnail wp-post-image\" alt=\"Get Ready: Ursapuu and Dracupuu Are Coming to WordCamp Romania 2024 Tomorrow!\" style=\"border-top-right-radius:0px;border-top-left-radius:0px;border-bottom-left-radius:0px;border-bottom-right-radius:0px;width:100%;height:100%;object-fit:cover;\" srcset=\"https:\/\/i0.wp.com\/romania.wordcamp.org\/2024\/files\/2024\/11\/IMG_0938-scaled.jpg?w=2560&amp;ssl=1 2560w, https:\/\/i0.wp.com\/romania.wordcamp.org\/2024\/files\/2024\/11\/IMG_0938-scaled.jpg?resize=300%2C225&amp;ssl=1 300w, https:\/\/i0.wp.com\/romania.wordcamp.org\/2024\/files\/2024\/11\/IMG_0938-scaled.jpg?resize=1024%2C768&amp;ssl=1 1024w, https:\/\/i0.wp.com\/romania.wordcamp.org\/2024\/files\/2024\/11\/IMG_0938-scaled.jpg?resize=768%2C576&amp;ssl=1 768w, https:\/\/i0.wp.com\/romania.wordcamp.org\/2024\/files\/2024\/11\/IMG_0938-scaled.jpg?resize=400%2C300&amp;ssl=1 400w, https:\/\/i0.wp.com\/romania.wordcamp.org\/2024\/files\/2024\/11\/IMG_0938-scaled.jpg?resize=1536%2C1152&amp;ssl=1 1536w, https:\/\/i0.wp.com\/romania.wordcamp.org\/2024\/files\/2024\/11\/IMG_0938-scaled.jpg?resize=2048%2C1536&amp;ssl=1 2048w\" sizes=\"auto, (max-width: 1000px) 100vw, 1000px\" \/><\/a><\/figure><\/div>\n\n\n\n<div class=\"wp-block-column is-vertically-aligned-center latest_news_mobile_padding is-layout-flow wp-container-core-column-is-layout-03baf62a wp-block-column-is-layout-flow\" style=\"padding-top:1.2rem;padding-right:var(--wp--preset--spacing--10);padding-bottom:1.2rem;padding-left:var(--wp--preset--spacing--10)\"><div style=\"font-size:13px;\" class=\"has-text-align-center wp-block-post-date\"><time datetime=\"2024-11-13T17:23:59+02:00\">November 13, 2024<\/time><\/div>\n\n<h2 style=\"font-size:clamp(14px, 0.875rem + ((1vw - 3.2px) * 0.469), 20px);\" class=\"has-text-align-center wp-block-post-title wp-container-content-32e3a40d\"><a href=\"https:\/\/romania.wordcamp.org\/2024\/get-ready-ursapuu-and-dracupuu-are-coming-to-wordcamp-romania-2024-tomorrow\/\" target=\"_self\" >Get Ready: Ursapuu and Dracupuu Are Coming to WordCamp Romania 2024 Tomorrow!<\/a><\/h2>\n\n<a style=\"font-size:13px;font-style:normal;font-weight:500; margin-bottom:0;\" class=\"wcro_latest-updates_page_read-more_btn wp-block-read-more\" href=\"https:\/\/romania.wordcamp.org\/2024\/get-ready-ursapuu-and-dracupuu-are-coming-to-wordcamp-romania-2024-tomorrow\/\" target=\"_self\">READ MORE<span class=\"screen-reader-text\">: Get Ready: Ursapuu and Dracupuu Are Coming to WordCamp Romania 2024 Tomorrow!<\/span><\/a><\/div>\n<\/div>\n\n<\/li><\/ul><\/div>\n<\/div>\n\n\n\n<div class=\"wp-block-buttons is-content-justification-center is-layout-flex wp-container-core-buttons-is-layout-dc4f92c6 wp-block-buttons-is-layout-flex\" style=\"margin-top:var(--wp--preset--spacing--30);margin-bottom:var(--wp--preset--spacing--50)\">\n<div class=\"wp-block-button has-custom-font-size buttons has-outfit-font-family\" style=\"font-size:13px\"><a class=\"wp-block-button__link has-custom-color-6-color has-custom-color-1-background-color has-text-color has-background has-link-color has-text-align-center wp-element-button\" href=\"https:\/\/romania.wordcamp.org\/2024\/category\/latest-updates\/\" style=\"border-radius:32px;padding-right:var(--wp--preset--spacing--30);padding-left:var(--wp--preset--spacing--30)\"><strong>VIEW ALL POSTS<\/strong><\/a><\/div>\n<\/div>\n\n\n\n<div class=\"wp-block-group has-custom-color-1-background-color has-background has-global-padding is-layout-constrained wp-block-group-is-layout-constrained\" style=\"border-top-left-radius:50px;border-top-right-radius:50px;border-bottom-left-radius:0px;border-bottom-right-radius:0px;padding-top:var(--wp--preset--spacing--40);padding-bottom:var(--wp--preset--spacing--40)\">\n<div class=\"wp-block-group is-content-justification-center is-layout-flex wp-container-core-group-is-layout-67bff68a wp-block-group-is-layout-flex\" style=\"padding-top:0;padding-right:var(--wp--preset--spacing--30);padding-bottom:0;padding-left:var(--wp--preset--spacing--30)\">\n<p class=\"has-text-align-center\" style=\"font-size:clamp(15.747px, 0.984rem + ((1vw - 3.2px) * 0.645), 24px);\"><strong>Find us on Social Media<\/strong><\/p>\n\n\n\n<ul class=\"wp-block-social-links has-icon-color has-icon-background-color is-style-default is-content-justification-center is-layout-flex wp-container-core-social-links-is-layout-89c12245 wp-block-social-links-is-layout-flex\"><li style=\"color:#fffce9;background-color:#202228;\" class=\"wp-social-link wp-social-link-facebook has-custom-color-5-color has-custom-color-6-background-color wp-block-social-link\"><a href=\"https:\/\/www.facebook.com\/WordCampRomania\" class=\"wp-block-social-link-anchor\"><svg width=\"24\" height=\"24\" viewBox=\"0 0 24 24\" version=\"1.1\" xmlns=\"http:\/\/www.w3.org\/2000\/svg\" aria-hidden=\"true\" focusable=\"false\"><path d=\"M12 2C6.5 2 2 6.5 2 12c0 5 3.7 9.1 8.4 9.9v-7H7.9V12h2.5V9.8c0-2.5 1.5-3.9 3.8-3.9 1.1 0 2.2.2 2.2.2v2.5h-1.3c-1.2 0-1.6.8-1.6 1.6V12h2.8l-.4 2.9h-2.3v7C18.3 21.1 22 17 22 12c0-5.5-4.5-10-10-10z\"><\/path><\/svg><span class=\"wp-block-social-link-label screen-reader-text\">Facebook<\/span><\/a><\/li>\n\n<li style=\"color:#fffce9;background-color:#202228;\" class=\"wp-social-link wp-social-link-instagram has-custom-color-5-color has-custom-color-6-background-color wp-block-social-link\"><a href=\"https:\/\/www.instagram.com\/wordcamp_romania\/\" class=\"wp-block-social-link-anchor\"><svg width=\"24\" height=\"24\" viewBox=\"0 0 24 24\" version=\"1.1\" xmlns=\"http:\/\/www.w3.org\/2000\/svg\" aria-hidden=\"true\" focusable=\"false\"><path d=\"M12,4.622c2.403,0,2.688,0.009,3.637,0.052c0.877,0.04,1.354,0.187,1.671,0.31c0.42,0.163,0.72,0.358,1.035,0.673 c0.315,0.315,0.51,0.615,0.673,1.035c0.123,0.317,0.27,0.794,0.31,1.671c0.043,0.949,0.052,1.234,0.052,3.637 s-0.009,2.688-0.052,3.637c-0.04,0.877-0.187,1.354-0.31,1.671c-0.163,0.42-0.358,0.72-0.673,1.035 c-0.315,0.315-0.615,0.51-1.035,0.673c-0.317,0.123-0.794,0.27-1.671,0.31c-0.949,0.043-1.233,0.052-3.637,0.052 s-2.688-0.009-3.637-0.052c-0.877-0.04-1.354-0.187-1.671-0.31c-0.42-0.163-0.72-0.358-1.035-0.673 c-0.315-0.315-0.51-0.615-0.673-1.035c-0.123-0.317-0.27-0.794-0.31-1.671C4.631,14.688,4.622,14.403,4.622,12 s0.009-2.688,0.052-3.637c0.04-0.877,0.187-1.354,0.31-1.671c0.163-0.42,0.358-0.72,0.673-1.035 c0.315-0.315,0.615-0.51,1.035-0.673c0.317-0.123,0.794-0.27,1.671-0.31C9.312,4.631,9.597,4.622,12,4.622 M12,3 C9.556,3,9.249,3.01,8.289,3.054C7.331,3.098,6.677,3.25,6.105,3.472C5.513,3.702,5.011,4.01,4.511,4.511 c-0.5,0.5-0.808,1.002-1.038,1.594C3.25,6.677,3.098,7.331,3.054,8.289C3.01,9.249,3,9.556,3,12c0,2.444,0.01,2.751,0.054,3.711 c0.044,0.958,0.196,1.612,0.418,2.185c0.23,0.592,0.538,1.094,1.038,1.594c0.5,0.5,1.002,0.808,1.594,1.038 c0.572,0.222,1.227,0.375,2.185,0.418C9.249,20.99,9.556,21,12,21s2.751-0.01,3.711-0.054c0.958-0.044,1.612-0.196,2.185-0.418 c0.592-0.23,1.094-0.538,1.594-1.038c0.5-0.5,0.808-1.002,1.038-1.594c0.222-0.572,0.375-1.227,0.418-2.185 C20.99,14.751,21,14.444,21,12s-0.01-2.751-0.054-3.711c-0.044-0.958-0.196-1.612-0.418-2.185c-0.23-0.592-0.538-1.094-1.038-1.594 c-0.5-0.5-1.002-0.808-1.594-1.038c-0.572-0.222-1.227-0.375-2.185-0.418C14.751,3.01,14.444,3,12,3L12,3z M12,7.378 c-2.552,0-4.622,2.069-4.622,4.622S9.448,16.622,12,16.622s4.622-2.069,4.622-4.622S14.552,7.378,12,7.378z M12,15 c-1.657,0-3-1.343-3-3s1.343-3,3-3s3,1.343,3,3S13.657,15,12,15z M16.804,6.116c-0.596,0-1.08,0.484-1.08,1.08 s0.484,1.08,1.08,1.08c0.596,0,1.08-0.484,1.08-1.08S17.401,6.116,16.804,6.116z\"><\/path><\/svg><span class=\"wp-block-social-link-label screen-reader-text\">Instagram<\/span><\/a><\/li>\n\n<li style=\"color:#fffce9;background-color:#202228;\" class=\"wp-social-link wp-social-link-x has-custom-color-5-color has-custom-color-6-background-color wp-block-social-link\"><a href=\"https:\/\/x.com\/wordcampromania\" class=\"wp-block-social-link-anchor\"><svg width=\"24\" height=\"24\" viewBox=\"0 0 24 24\" version=\"1.1\" xmlns=\"http:\/\/www.w3.org\/2000\/svg\" aria-hidden=\"true\" focusable=\"false\"><path d=\"M13.982 10.622 20.54 3h-1.554l-5.693 6.618L8.745 3H3.5l6.876 10.007L3.5 21h1.554l6.012-6.989L15.868 21h5.245l-7.131-10.378Zm-2.128 2.474-.697-.997-5.543-7.93H8l4.474 6.4.697.996 5.815 8.318h-2.387l-4.745-6.787Z\" \/><\/svg><span class=\"wp-block-social-link-label screen-reader-text\">X<\/span><\/a><\/li><\/ul>\n<\/div>\n<\/div>\n<\/div>\n","protected":false},"excerpt":{"rendered":"<p>EN: WordCamp Romania 2024 schedule is now live. Though slight changes may occur, our road is clear ahead and we&#8217;re looking forward to a great time together. RO: Programul WordCamp Rom\u00e2nia 2024 este acum live. De\u0219i pot ap\u0103rea mici schimb\u0103ri, drumul nostru este liber \u0219i a\u0219tept\u0103m cu ner\u0103bdare s\u0103 ne distr\u0103m de minune \u00eempreun\u0103.<\/p>\n","protected":false},"author":14008503,"featured_media":0,"parent":0,"menu_order":0,"comment_status":"closed","ping_status":"closed","template":"","meta":{"jetpack_post_was_ever_published":false,"footnotes":""},"class_list":["post-6008","page","type-page","status-publish","hentry"],"jetpack_sharing_enabled":true,"_links":{"self":[{"href":"https:\/\/romania.wordcamp.org\/2024\/wp-json\/wp\/v2\/pages\/6008","targetHints":{"allow":["GET"]}}],"collection":[{"href":"https:\/\/romania.wordcamp.org\/2024\/wp-json\/wp\/v2\/pages"}],"about":[{"href":"https:\/\/romania.wordcamp.org\/2024\/wp-json\/wp\/v2\/types\/page"}],"author":[{"embeddable":true,"href":"https:\/\/romania.wordcamp.org\/2024\/wp-json\/wp\/v2\/users\/14008503"}],"replies":[{"embeddable":true,"href":"https:\/\/romania.wordcamp.org\/2024\/wp-json\/wp\/v2\/comments?post=6008"}],"version-history":[{"count":23,"href":"https:\/\/romania.wordcamp.org\/2024\/wp-json\/wp\/v2\/pages\/6008\/revisions"}],"predecessor-version":[{"id":6738,"href":"https:\/\/romania.wordcamp.org\/2024\/wp-json\/wp\/v2\/pages\/6008\/revisions\/6738"}],"wp:attachment":[{"href":"https:\/\/romania.wordcamp.org\/2024\/wp-json\/wp\/v2\/media?parent=6008"}],"curies":[{"name":"wp","href":"https:\/\/api.w.org\/{rel}","templated":true}]}}