{"id":9,"date":"2014-03-28T17:52:15","date_gmt":"2014-03-28T17:52:15","guid":{"rendered":"https:\/\/2014.romania.wordcamp.org\/?page_id=9"},"modified":"2014-05-30T10:56:29","modified_gmt":"2014-05-30T10:56:29","slug":"despre","status":"publish","type":"page","link":"https:\/\/romania.wordcamp.org\/2014\/despre\/","title":{"rendered":"Despre"},"content":{"rendered":"<p>WordCamp Rom\u00e2nia va fi un eveniment pe parcursul a doua zile in Aula Magna din cadrul Universitatii de Vest din Timisoara \u0219i promite s\u0103 se concentreze pe continut de calitate care s\u0103 acopere toate subiectele legate de WordPress, de la un nivel de incepator la sesiuni de dezvoltator, \u0219i mult mai mult, totul sub umbrela de Story-Telling . Un eveniment ca acesta \u00eentr-un astfel de ora\u0219 minunat cum este Timisoara, cu siguran\u021b\u0103 promite s\u0103 fie unul special.<\/p>\n<p>Ce este WordCamp ?<\/p>\n<p>WordCamp este o conferin\u021b\u0103 care se concentreaz\u0103 pe tot ce este legat de WordPress. Conform WordCamp Central :<\/p>\n<p>WordCamp-urile sunt evenimente informale, organizate de comunitate, \u00een care se implic\u0103 care utilizatori WordPress ca si tine. Toata lumea particip\u0103, de la utilizatorii ocazionali pan\u0103 la dezvoltatorii, schimb\u0103 de idei, \u0219i ajung s\u0103 se cunoasc\u0103 reciproc.<\/p>\n<p>WordCamp-urile sunt frecventate de oameni, de la \u00eencep\u0103tori in blogging pana la dezvoltatori WordPress \u0219i consultan\u021bi.<\/p>\n<p>La ce v\u0103 pute\u021bi a\u0219tepta:<\/p>\n<p> &#8211; O zi de conferin\u021ba cu invita\u021bi speciali din Rom\u00e2nia \u0219i nu numai<br \/>\n &#8211; Posibilitatea de a \u00eent\u00e2lni multi oameni implicati in comunitatea rom\u00e2n\u0103 WordPress<br \/>\n &#8211; Un loc pentru a fi inspirat<br \/>\n &#8211; Un spa\u021biu unde puteti face schimb de idei<br \/>\n &#8211; G\u0103sirea viitorului loc de munc\u0103<br \/>\n &#8211; G\u0103sirea urmatorului contract de colaborare<br \/>\n &#8211; O petrecere cu open bar<br \/>\n &#8211; Un tur organizat al Timi\u0219oarei<br \/>\n &#8211; Tricouri \u0219i nu numai<br \/>\n &#8211; Comunitate <\/p>\n<p>Implic\u0103-te<\/p>\n<p>Acest eveniment este organizat de un grup de voluntari din cadrul comuni\u021b\u0103tii WordPress din Timisoara. V\u0103 rug\u0103m s\u0103 ne contacta\u021bi dac\u0103 sunte\u021bi interesat \u00een <a href=\"https:\/\/2014.romania.wordcamp.org\/implica-te\/participa-ca-sponsor\/\">sponsorizarea<\/a> sau de a participa ca <a href=\"https:\/\/2014.romania.wordcamp.org\/implica-te\/participa-ca-voluntar\/\">voluntar<\/a> sau ca <a href=\"https:\/\/2014.romania.wordcamp.org\/implica-te\/participa-ca-invitat\/\">speaker<\/a> la acest eveniment.<\/p>\n","protected":false},"excerpt":{"rendered":"<p>WordCamp Rom\u00e2nia va fi un eveniment pe parcursul a doua zile in Aula Magna din cadrul Universitatii de Vest din Timisoara \u0219i promite s\u0103 se concentreze pe continut de calitate care s\u0103 acopere toate subiectele legate de WordPress, de la un nivel de incepator la sesiuni de dezvoltator, \u0219i mult mai mult, totul sub umbrela &hellip; <a href=\"https:\/\/romania.wordcamp.org\/2014\/despre\/\" class=\"more-link\">Continue reading <span class=\"screen-reader-text\">Despre<\/span> <span class=\"meta-nav\">&rarr;<\/span><\/a><\/p>\n","protected":false},"author":13723373,"featured_media":0,"parent":0,"menu_order":6,"comment_status":"closed","ping_status":"closed","template":"","meta":{"jetpack_post_was_ever_published":false,"footnotes":""},"class_list":["post-9","page","type-page","status-publish","hentry"],"jetpack_sharing_enabled":true,"_links":{"self":[{"href":"https:\/\/romania.wordcamp.org\/2014\/wp-json\/wp\/v2\/pages\/9","targetHints":{"allow":["GET"]}}],"collection":[{"href":"https:\/\/romania.wordcamp.org\/2014\/wp-json\/wp\/v2\/pages"}],"about":[{"href":"https:\/\/romania.wordcamp.org\/2014\/wp-json\/wp\/v2\/types\/page"}],"author":[{"embeddable":true,"href":"https:\/\/romania.wordcamp.org\/2014\/wp-json\/wp\/v2\/users\/13723373"}],"replies":[{"embeddable":true,"href":"https:\/\/romania.wordcamp.org\/2014\/wp-json\/wp\/v2\/comments?post=9"}],"version-history":[{"count":11,"href":"https:\/\/romania.wordcamp.org\/2014\/wp-json\/wp\/v2\/pages\/9\/revisions"}],"predecessor-version":[{"id":69330,"href":"https:\/\/romania.wordcamp.org\/2014\/wp-json\/wp\/v2\/pages\/9\/revisions\/69330"}],"wp:attachment":[{"href":"https:\/\/romania.wordcamp.org\/2014\/wp-json\/wp\/v2\/media?parent=9"}],"curies":[{"name":"wp","href":"https:\/\/api.w.org\/{rel}","templated":true}]}}