{"id":37995,"date":"2014-04-09T19:50:55","date_gmt":"2014-04-09T19:50:55","guid":{"rendered":"https:\/\/2014.romania.wordcamp.org\/?page_id=37995"},"modified":"2014-06-17T10:57:07","modified_gmt":"2014-06-17T10:57:07","slug":"organizatori","status":"publish","type":"page","link":"https:\/\/romania.wordcamp.org\/2014\/despre\/organizatori\/","title":{"rendered":"Organizatori"},"content":{"rendered":"<p>WordCamp Rom\u00e2nia este un eveniment non-profit, condus de un grup de voluntari. Aceast\u0103 conferin\u021b\u0103 aduce \u00een acela\u0219i loc oameni entuzia\u0219ti, profesioni\u0219ti, furnizori \u0219i clien\u021bi pentru a \u00eenv\u0103\u021ba despre WordPress \u0219i de a crea conexiuni noi sau \u00eent\u0103ri conexiunile actuale. <\/p>\n<p>Acest eveniment are loc cu sprijinul comunit\u0103\u021bii WordPress locale, sponsorilor, invita\u021bilor precum \u0219i al voluntarilor. <\/p>\n<p>Echipa de organizare este format\u0103 din:<br \/>\n Theodor Dr\u0103goi<br \/>\n Marius Olar<br \/>\n Marius Vel\u021ban<\/p>\n","protected":false},"excerpt":{"rendered":"<p>WordCamp Rom\u00e2nia este un eveniment non-profit, condus de un grup de voluntari. Aceast\u0103 conferin\u021b\u0103 aduce \u00een acela\u0219i loc oameni entuzia\u0219ti, profesioni\u0219ti, furnizori \u0219i clien\u021bi pentru a \u00eenv\u0103\u021ba despre WordPress \u0219i de a crea conexiuni noi sau \u00eent\u0103ri conexiunile actuale. Acest eveniment are loc cu sprijinul comunit\u0103\u021bii WordPress locale, sponsorilor, invita\u021bilor precum \u0219i al voluntarilor. Echipa &hellip; <a href=\"https:\/\/romania.wordcamp.org\/2014\/despre\/organizatori\/\" class=\"more-link\">Continue reading <span class=\"screen-reader-text\">Organizatori<\/span> <span class=\"meta-nav\">&rarr;<\/span><\/a><\/p>\n","protected":false},"author":13723373,"featured_media":0,"parent":9,"menu_order":0,"comment_status":"closed","ping_status":"closed","template":"","meta":{"jetpack_post_was_ever_published":false,"footnotes":""},"class_list":["post-37995","page","type-page","status-publish","hentry"],"jetpack_sharing_enabled":true,"_links":{"self":[{"href":"https:\/\/romania.wordcamp.org\/2014\/wp-json\/wp\/v2\/pages\/37995","targetHints":{"allow":["GET"]}}],"collection":[{"href":"https:\/\/romania.wordcamp.org\/2014\/wp-json\/wp\/v2\/pages"}],"about":[{"href":"https:\/\/romania.wordcamp.org\/2014\/wp-json\/wp\/v2\/types\/page"}],"author":[{"embeddable":true,"href":"https:\/\/romania.wordcamp.org\/2014\/wp-json\/wp\/v2\/users\/13723373"}],"replies":[{"embeddable":true,"href":"https:\/\/romania.wordcamp.org\/2014\/wp-json\/wp\/v2\/comments?post=37995"}],"version-history":[{"count":18,"href":"https:\/\/romania.wordcamp.org\/2014\/wp-json\/wp\/v2\/pages\/37995\/revisions"}],"predecessor-version":[{"id":69497,"href":"https:\/\/romania.wordcamp.org\/2014\/wp-json\/wp\/v2\/pages\/37995\/revisions\/69497"}],"up":[{"embeddable":true,"href":"https:\/\/romania.wordcamp.org\/2014\/wp-json\/wp\/v2\/pages\/9"}],"wp:attachment":[{"href":"https:\/\/romania.wordcamp.org\/2014\/wp-json\/wp\/v2\/media?parent=37995"}],"curies":[{"name":"wp","href":"https:\/\/api.w.org\/{rel}","templated":true}]}}