{"id":37983,"date":"2014-04-09T19:40:15","date_gmt":"2014-04-09T19:40:15","guid":{"rendered":"https:\/\/2014.romania.wordcamp.org\/?page_id=37983"},"modified":"2014-05-30T14:46:37","modified_gmt":"2014-05-30T14:46:37","slug":"implica-te","status":"publish","type":"page","link":"https:\/\/romania.wordcamp.org\/2014\/implica-te\/","title":{"rendered":"Implic\u0103-te"},"content":{"rendered":"<p>WordCamp-urile sunt evenimente informale, organizate de comunitate, \u00een care se implic\u0103 utilizatori WordPress ca \u0219i tine. Toata lumea particip\u0103, de la utilizatorii ocazionali pan\u0103 la dezvoltatorii, schimb\u0103 de idei, \u0219i ajung s\u0103 se cunoasc\u0103 reciproc. Un eveniment ca acesta \u00eentr-un astfel de ora\u0219 minunat cu siguran\u021b\u0103 promite s\u0103 fie unul special, dar este implicarea voastr\u0103 care va face un astfel de eveniment de succes.<\/p>\n<p>Exist\u0103 numeroase moduri de a contribui la eveniment:<br \/>\n<a href=\"https:\/\/2014.romania.wordcamp.org\/implica-te\/participa-ca-sponsor\/\"><br \/>\nParticipa ca sponsor<\/a> &#8211; \u00cen ideea de a reduce costul biletului pentru to\u021bi participan\u021bii, suntem \u00een c\u0103utare de  sponsori pentru a face WordCamp parte din aceast\u0103 \u00eenfloritoare comunitate open-source.<br \/>\n<a href=\"https:\/\/2014.romania.wordcamp.org\/implica-te\/participa-ca-speaker\/\">Participa ca speaker.<\/a><br \/>\n<a href=\"https:\/\/2014.romania.wordcamp.org\/implica-te\/participa-ca-voluntar\/\">Participa ca voluntar.<br \/>\n<\/a><\/p>\n","protected":false},"excerpt":{"rendered":"<p>WordCamp-urile sunt evenimente informale, organizate de comunitate, \u00een care se implic\u0103 utilizatori WordPress ca \u0219i tine. Toata lumea particip\u0103, de la utilizatorii ocazionali pan\u0103 la dezvoltatorii, schimb\u0103 de idei, \u0219i ajung s\u0103 se cunoasc\u0103 reciproc. Un eveniment ca acesta \u00eentr-un astfel de ora\u0219 minunat cu siguran\u021b\u0103 promite s\u0103 fie unul special, dar este implicarea voastr\u0103 &hellip; <a href=\"https:\/\/romania.wordcamp.org\/2014\/implica-te\/\" class=\"more-link\">Continue reading <span class=\"screen-reader-text\">Implic\u0103-te<\/span> <span class=\"meta-nav\">&rarr;<\/span><\/a><\/p>\n","protected":false},"author":13723373,"featured_media":0,"parent":0,"menu_order":0,"comment_status":"closed","ping_status":"closed","template":"","meta":{"jetpack_post_was_ever_published":false,"footnotes":""},"class_list":["post-37983","page","type-page","status-publish","hentry"],"jetpack_sharing_enabled":true,"_links":{"self":[{"href":"https:\/\/romania.wordcamp.org\/2014\/wp-json\/wp\/v2\/pages\/37983","targetHints":{"allow":["GET"]}}],"collection":[{"href":"https:\/\/romania.wordcamp.org\/2014\/wp-json\/wp\/v2\/pages"}],"about":[{"href":"https:\/\/romania.wordcamp.org\/2014\/wp-json\/wp\/v2\/types\/page"}],"author":[{"embeddable":true,"href":"https:\/\/romania.wordcamp.org\/2014\/wp-json\/wp\/v2\/users\/13723373"}],"replies":[{"embeddable":true,"href":"https:\/\/romania.wordcamp.org\/2014\/wp-json\/wp\/v2\/comments?post=37983"}],"version-history":[{"count":13,"href":"https:\/\/romania.wordcamp.org\/2014\/wp-json\/wp\/v2\/pages\/37983\/revisions"}],"predecessor-version":[{"id":69348,"href":"https:\/\/romania.wordcamp.org\/2014\/wp-json\/wp\/v2\/pages\/37983\/revisions\/69348"}],"wp:attachment":[{"href":"https:\/\/romania.wordcamp.org\/2014\/wp-json\/wp\/v2\/media?parent=37983"}],"curies":[{"name":"wp","href":"https:\/\/api.w.org\/{rel}","templated":true}]}}