{"id":37971,"date":"2014-04-09T19:13:17","date_gmt":"2014-04-09T19:13:17","guid":{"rendered":"https:\/\/2014.romania.wordcamp.org\/?page_id=37971"},"modified":"2014-06-20T11:12:07","modified_gmt":"2014-06-20T11:12:07","slug":"instructiuni-pentru-speakers","status":"publish","type":"page","link":"https:\/\/romania.wordcamp.org\/2014\/speakers\/instructiuni-pentru-speakers\/","title":{"rendered":"Instruc\u021biuni pentru speakers"},"content":{"rendered":"<p>To\u021bi speaker-ii vor primi un bilet gratuit pentru ambele zile ale WordCamp Rom\u00e2nia. Cuponul pentru bilet va fi trimis c\u0103tre to\u021bi speaker-ii dup\u0103 ce a fost anun\u021bat\u0103 lista final\u0103. \u00cen cazul \u00een care ai fost confirmat ca invitat dar nu ai primit \u00eenc\u0103 cuponul pentru bilet, te rog s\u0103 ne scrii la romania@wordcamp.org.<\/p>\n<p>Prezent\u0103rile se vor trimite la romania@wordcamp.org p\u00e2n\u0103 cel t\u00e2rziu pe data de 20 iunie 2014. Formatele acceptate sunt: M. PowerPoint, PDF sau Prezi. Prezent\u0103rile se pot \u021bine fie \u00een limba rom\u00e2n\u0103 fie \u00een limba englez\u0103, iar durata alocat\u0103 unui speaker este de 30 de minute. Recomand\u0103m ca timpul alocat prezent\u0103rii s\u0103 fie de aproximativ 20 de minute, iar timpul alocat \u00eentreb\u0103rilor \u0219i r\u0103spunsurilor s\u0103 fie de aproximativ 10 minute.<\/p>\n<p>Sugestiile de cazare vor fi disponibile pe pagina <a href=\"https:\/\/2014.romania.wordcamp.org\/locatia\/\">loca\u021biei<\/a>.<br \/>\nDac\u0103 ai nevoie de ajutor suplimentar cu alegerea locului de cazare sau cu alte detalii te rug\u0103m s\u0103 ne scrii.<\/p>\n<h1 class=\"entry-title\">Instructions for speakers<\/h1>\n<p>All speakers will receive a free ticket for both days of WordCamp Romania. The coupon for the ticket will be sent to all the speakers after we will announce the final list. If you&#8217;ve been confirmed as a speaker but you still didn&#8217;t receive the ticket coupon, please email us at romania@wordcamp.org.<\/p>\n<p>Presentations materials will need be sent to romania@wordcamp.org no later than on 20 June 2014. Supported formats are: M. PowerPoint, PDF or Prezi. The presentations can be held either in Romanian or in English, and the time allowed for a speaker is 30 minutes. We recommend that the time allocated to presentation to be approximately 20 minutes, and the time for questions and answers to be approximately 10 minutes.<\/p>\n<p>Suggestions for accommodation will be available on the website.<br \/>\nIf you need additional help with the choice of accommodation or other details, please write to us.<\/p>\n","protected":false},"excerpt":{"rendered":"<p>To\u021bi speaker-ii vor primi un bilet gratuit pentru ambele zile ale WordCamp Rom\u00e2nia. Cuponul pentru bilet va fi trimis c\u0103tre to\u021bi speaker-ii dup\u0103 ce a fost anun\u021bat\u0103 lista final\u0103. \u00cen cazul \u00een care ai fost confirmat ca invitat dar nu ai primit \u00eenc\u0103 cuponul pentru bilet, te rog s\u0103 ne scrii la romania@wordcamp.org. Prezent\u0103rile se &hellip; <a href=\"https:\/\/romania.wordcamp.org\/2014\/speakers\/instructiuni-pentru-speakers\/\" class=\"more-link\">Continue reading <span class=\"screen-reader-text\">Instruc\u021biuni pentru speakers<\/span> <span class=\"meta-nav\">&rarr;<\/span><\/a><\/p>\n","protected":false},"author":13723373,"featured_media":0,"parent":2,"menu_order":0,"comment_status":"closed","ping_status":"closed","template":"","meta":{"jetpack_post_was_ever_published":false,"footnotes":""},"class_list":["post-37971","page","type-page","status-publish","hentry"],"jetpack_sharing_enabled":true,"_links":{"self":[{"href":"https:\/\/romania.wordcamp.org\/2014\/wp-json\/wp\/v2\/pages\/37971","targetHints":{"allow":["GET"]}}],"collection":[{"href":"https:\/\/romania.wordcamp.org\/2014\/wp-json\/wp\/v2\/pages"}],"about":[{"href":"https:\/\/romania.wordcamp.org\/2014\/wp-json\/wp\/v2\/types\/page"}],"author":[{"embeddable":true,"href":"https:\/\/romania.wordcamp.org\/2014\/wp-json\/wp\/v2\/users\/13723373"}],"replies":[{"embeddable":true,"href":"https:\/\/romania.wordcamp.org\/2014\/wp-json\/wp\/v2\/comments?post=37971"}],"version-history":[{"count":26,"href":"https:\/\/romania.wordcamp.org\/2014\/wp-json\/wp\/v2\/pages\/37971\/revisions"}],"predecessor-version":[{"id":69526,"href":"https:\/\/romania.wordcamp.org\/2014\/wp-json\/wp\/v2\/pages\/37971\/revisions\/69526"}],"up":[{"embeddable":true,"href":"https:\/\/romania.wordcamp.org\/2014\/wp-json\/wp\/v2\/pages\/2"}],"wp:attachment":[{"href":"https:\/\/romania.wordcamp.org\/2014\/wp-json\/wp\/v2\/media?parent=37971"}],"curies":[{"name":"wp","href":"https:\/\/api.w.org\/{rel}","templated":true}]}}