{"id":2,"date":"2014-03-28T17:52:15","date_gmt":"2014-03-28T17:52:15","guid":{"rendered":"https:\/\/2014.romania.wordcamp.org\/speakers\/"},"modified":"2014-05-08T07:15:51","modified_gmt":"2014-05-08T07:15:51","slug":"speakers","status":"publish","type":"page","link":"https:\/\/romania.wordcamp.org\/2014\/speakers\/","title":{"rendered":"Speakers"},"content":{"rendered":"<p>Speakerii Conferin\u0163ei WordCamp Rom\u00e2nia 2014 din Timi\u015foara sunt speciali\u015fti cu o bogat\u0103 experien\u0163\u0103 \u00een WordPress, dintre care amintim:<\/p>\n\n\t<div class=\"wcorg-speakers\">\n\n\t\t\n\t\t\t<!-- Organizers note: The id attribute is deprecated and only remains for backwards compatibility, please use the corresponding class to target individual speakers -->\n\t\t\t<div id=\"wcorg-speaker-karim-maruchi\" class=\"wcorg-speaker wcorg-speaker-karim-maruchi\">\n\t\t\t\t<h2>\n\t\t\t\t\t\n\t\t\t\t\t\tKarim Maruchi\n\t\t\t\t\t\t\t\t\t<\/h2>\n\n\t\t\t\t<div class=\"wcorg-speaker-description\">\n\t\t\t\t\t<img alt='' src='https:\/\/secure.gravatar.com\/avatar\/3cf9a673ec85ba2aa52a6688b41090d073ca0860d23c10c249f8f657ee137039?s=100&#038;d=mm&#038;r=g' srcset='https:\/\/secure.gravatar.com\/avatar\/3cf9a673ec85ba2aa52a6688b41090d073ca0860d23c10c249f8f657ee137039?s=200&#038;d=mm&#038;r=g 2x' class='avatar avatar-100 photo' height='100' width='100' \/>\t\t\t\t\t<p>Karim is the CEO of <a href=\"http:\/\/crowdfavorite.com\/\">Crowd Favorite<\/a>, a VeloMedia Group company, which delivers enterprise-level professional services to clients like Disney, National Geographic, Lexus and DirecTV. With offices across the US and Europe, it\u2019s uniquely positioned to deliver large-scale client projects. We focus on both WordPress and WordPress integration projects.<\/p>\n<p>Topic: From Europe with Love: How to coordinate teams across the globe for maximum productivity<\/p>\n\t\t\t\t<\/div>\n\t\t\t<\/div>\n\n\t\t\n\t\t\t<!-- Organizers note: The id attribute is deprecated and only remains for backwards compatibility, please use the corresponding class to target individual speakers -->\n\t\t\t<div id=\"wcorg-speaker-silviu-runceanu\" class=\"wcorg-speaker wcorg-speaker-silviu-runceanu\">\n\t\t\t\t<h2>\n\t\t\t\t\t\n\t\t\t\t\t\tSilviu Runceanu\n\t\t\t\t\t\t\t\t\t<\/h2>\n\n\t\t\t\t<div class=\"wcorg-speaker-description\">\n\t\t\t\t\t<img alt='' src='https:\/\/secure.gravatar.com\/avatar\/6be2d3a09b592465fdc75dd6873148a9c0ad5c5530fcf3aa41545790a83916af?s=100&#038;d=mm&#038;r=g' srcset='https:\/\/secure.gravatar.com\/avatar\/6be2d3a09b592465fdc75dd6873148a9c0ad5c5530fcf3aa41545790a83916af?s=200&#038;d=mm&#038;r=g 2x' class='avatar avatar-100 photo' height='100' width='100' \/>\t\t\t\t\t<p>Silviu is a 30 year old UX\/UI designer based in Timi\u0219oara, Rom\u00e2nia .<br \/>\nHe&#8217;s been a designer for 11 years now. It&#8217;s the thing that defines, challenges and also motivates him every day. In his own words: &#8220;I just cannot see myself doing something different&#8221;.<\/p>\n<p>Topic: How WordPress Influences Design<\/p>\n\t\t\t\t<\/div>\n\t\t\t<\/div>\n\n\t\t\n\t\t\t<!-- Organizers note: The id attribute is deprecated and only remains for backwards compatibility, please use the corresponding class to target individual speakers -->\n\t\t\t<div id=\"wcorg-speaker-ivelina-dimova\" class=\"wcorg-speaker wcorg-speaker-ivelina-dimova\">\n\t\t\t\t<h2>\n\t\t\t\t\t\n\t\t\t\t\t\tIvelina Dimova\n\t\t\t\t\t\t\t\t\t<\/h2>\n\n\t\t\t\t<div class=\"wcorg-speaker-description\">\n\t\t\t\t\t<img alt='' src='https:\/\/secure.gravatar.com\/avatar\/ed5887669eea81b91412687c215fc1a9630c95339be1d3a2862cf9daf9de133d?s=100&#038;d=mm&#038;r=g' srcset='https:\/\/secure.gravatar.com\/avatar\/ed5887669eea81b91412687c215fc1a9630c95339be1d3a2862cf9daf9de133d?s=200&#038;d=mm&#038;r=g 2x' class='avatar avatar-100 photo' height='100' width='100' \/>\t\t\t\t\t<p>Ivelina is a Wed Developer with passion for WordPress, currently working for <a href=\"http:\/\/crowdfavorite.com\/\">Crowd Favorite<\/a>. She is dealing with both back and front end development, creating and customizing WordPress themes and plugins and integrating external applications. In her free time she loves teaching yoga, hiking and traveling around the world.<\/p>\n<p>Topic: Git Tricks \u2013 The Basics<\/p>\n\t\t\t\t<\/div>\n\t\t\t<\/div>\n\n\t\t\n\t\t\t<!-- Organizers note: The id attribute is deprecated and only remains for backwards compatibility, please use the corresponding class to target individual speakers -->\n\t\t\t<div id=\"wcorg-speaker-eric-mann-to-be-done\" class=\"wcorg-speaker wcorg-speaker-eric-mann-to-be-done\">\n\t\t\t\t<h2>\n\t\t\t\t\t\n\t\t\t\t\t\tEric Mann\n\t\t\t\t\t\t\t\t\t<\/h2>\n\n\t\t\t\t<div class=\"wcorg-speaker-description\">\n\t\t\t\t\t<img alt='' src='https:\/\/secure.gravatar.com\/avatar\/0b3810e5553506520e6cbba70a0dbd199df580f55c770f4584382d1940be0b5f?s=100&#038;d=mm&#038;r=g' srcset='https:\/\/secure.gravatar.com\/avatar\/0b3810e5553506520e6cbba70a0dbd199df580f55c770f4584382d1940be0b5f?s=200&#038;d=mm&#038;r=g 2x' class='avatar avatar-100 photo' height='100' width='100' \/>\t\t\t\t\t<p>Eric Mann is a seasoned web developer with experience in languages from JavaScript to Ruby to C#.  He has been building websites of all shapes and sizes for the better part of a decade and continues to experiment with new technologies and techniques.<\/p>\n<p>Eric is a Senior Web Engineer at <a href=\"http:\/\/10up.com\">10up<\/a> where he focuses on developing high-end web solutions powered by WordPress. Eric blogs daily about life, business, and software development at <a href=\"http:\/\/eamann.com\">http:\/\/eamann.com<\/a>.<\/p>\n<p>Topic: From Newb to Imposter \u2013 and beyond \u2013 in 5 Simple Steps<\/p>\n\t\t\t\t<\/div>\n\t\t\t<\/div>\n\n\t\t\n\t\t\t<!-- Organizers note: The id attribute is deprecated and only remains for backwards compatibility, please use the corresponding class to target individual speakers -->\n\t\t\t<div id=\"wcorg-speaker-cristian-antohe\" class=\"wcorg-speaker wcorg-speaker-cristian-antohe\">\n\t\t\t\t<h2>\n\t\t\t\t\t\n\t\t\t\t\t\tCristian Antohe\n\t\t\t\t\t\t\t\t\t<\/h2>\n\n\t\t\t\t<div class=\"wcorg-speaker-description\">\n\t\t\t\t\t<img alt='' src='https:\/\/secure.gravatar.com\/avatar\/7726c1add06a4cd71f0bf5395b5b85b8676f9bef509cf1c1e7ed5e80c3ac0a4a?s=100&#038;d=mm&#038;r=g' srcset='https:\/\/secure.gravatar.com\/avatar\/7726c1add06a4cd71f0bf5395b5b85b8676f9bef509cf1c1e7ed5e80c3ac0a4a?s=200&#038;d=mm&#038;r=g 2x' class='avatar avatar-100 photo' height='100' width='100' \/>\t\t\t\t\t<p>Cristian Antohe is the co-founder <a href=\"http:\/\/www.cozmoslabs.com\/\" target=\"_blank\">Cozmoslabs<\/a>. He&#8217;s a WordPress developer, web designer and Open Source fanatic. He&#8217;s part of the team that developed <a href=\"http:\/\/www.cozmoslabs.com\/wordpress-profile-builder\/\" target=\"_blank\">Profile Builder<\/a> and <a href=\"http:\/\/www.cozmoslabs.com\/wck-custom-fields-custom-post-types-plugin\/\" target=\"_blank\">WordPress Creation Kit<\/a> and also helps curate <a href=\"http:\/\/wpmail.me\/\" target=\"_blank\">wpMail.me<\/a>.<\/p>\n<p>Topic: Building Web Applications with WordPress<\/p>\n\t\t\t\t<\/div>\n\t\t\t<\/div>\n\n\t\t\n\t\t\t<!-- Organizers note: The id attribute is deprecated and only remains for backwards compatibility, please use the corresponding class to target individual speakers -->\n\t\t\t<div id=\"wcorg-speaker-vladimir-prelovac\" class=\"wcorg-speaker wcorg-speaker-vladimir-prelovac\">\n\t\t\t\t<h2>\n\t\t\t\t\t\n\t\t\t\t\t\tVladimir Prelovac\n\t\t\t\t\t\t\t\t\t<\/h2>\n\n\t\t\t\t<div class=\"wcorg-speaker-description\">\n\t\t\t\t\t<img alt='' src='https:\/\/secure.gravatar.com\/avatar\/6ce3728ddb7278375f51bc1dd752f26aa33d6f7fcc82ca9d1e435d58070a42ed?s=100&#038;d=mm&#038;r=g' srcset='https:\/\/secure.gravatar.com\/avatar\/6ce3728ddb7278375f51bc1dd752f26aa33d6f7fcc82ca9d1e435d58070a42ed?s=200&#038;d=mm&#038;r=g 2x' class='avatar avatar-100 photo' height='100' width='100' \/>\t\t\t\t\t<p>Vladimir Prelovac is the founder of <a href=\"vladimir@managewp.com\" title=\"ManageWP\" target=\"_blank\">ManageWP<\/a> &#8211; service that helps users get most our of WordPress. Vladimir got involved with WordPress in 2007 and have truly enjoyed the time in the community, contributing over 30 plugins, a book on WordPress development and the community news portal <a href=\"http:\/\/managewp.org\/\" target=\"_blank\">ManageWP.org<\/a>. <\/p>\n<p>Topic: Modern WordPress development: Insight into procedures, practices and tools we use<\/p>\n\t\t\t\t<\/div>\n\t\t\t<\/div>\n\n\t\t\n\t\t\t<!-- Organizers note: The id attribute is deprecated and only remains for backwards compatibility, please use the corresponding class to target individual speakers -->\n\t\t\t<div id=\"wcorg-speaker-mirela-catrinel-voicu-profesor-dr-feaa-universitatea-de-vest-din-timisoara\" class=\"wcorg-speaker wcorg-speaker-mirela-catrinel-voicu-profesor-dr-feaa-universitatea-de-vest-din-timisoara\">\n\t\t\t\t<h2>\n\t\t\t\t\t\n\t\t\t\t\t\tMirela-Catrinel Voicu &#8211; Profesor Dr. @ FEAA Universitatea de VEST din Timisoara\n\t\t\t\t\t\t\t\t\t<\/h2>\n\n\t\t\t\t<div class=\"wcorg-speaker-description\">\n\t\t\t\t\t<img alt='' src='https:\/\/secure.gravatar.com\/avatar\/?s=100&#038;d=mm&#038;r=g' srcset='https:\/\/secure.gravatar.com\/avatar\/?s=200&#038;d=mm&#038;r=g 2x' class='avatar avatar-100 photo avatar-default' height='100' width='100' \/>\t\t\t\t\t<p><img loading=\"lazy\" decoding=\"async\" src=\"https:\/\/2014.romania.wordcamp.org\/files\/2014\/05\/Mirela-Catrinel-VOICU-300x300.jpg\" alt=\"Mirela Catrinel VOICU\" width=\"300\" height=\"300\" class=\"aligncenter size-medium wp-image-69301\" srcset=\"https:\/\/romania.wordcamp.org\/2014\/files\/2014\/05\/Mirela-Catrinel-VOICU-300x300.jpg 300w, https:\/\/romania.wordcamp.org\/2014\/files\/2014\/05\/Mirela-Catrinel-VOICU-150x150.jpg 150w, https:\/\/romania.wordcamp.org\/2014\/files\/2014\/05\/Mirela-Catrinel-VOICU-299x300.jpg 299w, https:\/\/romania.wordcamp.org\/2014\/files\/2014\/05\/Mirela-Catrinel-VOICU.jpg 464w\" sizes=\"auto, (max-width: 300px) 100vw, 300px\" \/><br \/>\n\u00cen 1995 a absolvit Facultatea de Matematic\u0103-Informatic\u0103, la Universitatea de Vest din Timi\u0219oara. Din 2001 este doctor \u00een matematic\u0103 (Universitatea Paris XIII &#8211; Fran\u021ba \u0219i Univeristatea de Vest din Timi\u0219oara), cu o tez\u0103 despre sisteme dinamice neliniare \u0219i modele de evolu\u021bie a ra\u021bei de schimb. Din 1995 pred\u0103 informatic\u0103 \u00een cadrul Departamentului de Sisteme Informa\u021bionale pentru Afaceri, Facultatea de Economie \u0219i de Administrare a Afacerilor, Universitatea de Vest din Timi\u0219oara. Disciplinele predate sunt: Programare, Programare Internet, Baze de date, Structuri de date, Programare Orientat\u0103 Obiect, Birotic\u0103, Informatic\u0103 Economic\u0103. \u00cen anul universitar urm\u0103tor va introduce dispciplina &#8211; Aplica\u021bii pentru mobil (la masterul Sisteme Informatice pentru Afaceri). A participat cu articole \u0219tiin\u021bifice la diferite conferin\u021be academice din Grecia, Cehia, Malta, Fran\u021ba, Elve\u021bia, Portugalia, Croa\u021bia &#8211; la unele dintre ele sus\u021bin\u00e2nd chiar \u0219i lucr\u0103ri \u00een plen. Este autoare a nou\u0103 c\u0103r\u021bi, dintre care una este publicat\u0103 \u00een Fran\u021ba (\u00een francez\u0103), iar dou\u0103 sunt publicate \u00een Germania (\u00een englez\u0103). <\/p>\n<p>Topic: WordPress se \u00eenva\u021b\u0103 \u0219i la facultate <\/p>\n\t\t\t\t<\/div>\n\t\t\t<\/div>\n\n\t\t\n\t\t\t<!-- Organizers note: The id attribute is deprecated and only remains for backwards compatibility, please use the corresponding class to target individual speakers -->\n\t\t\t<div id=\"wcorg-speaker-dan-stefancu-lead-developer-wordpress-dream-production\" class=\"wcorg-speaker wcorg-speaker-dan-stefancu-lead-developer-wordpress-dream-production\">\n\t\t\t\t<h2>\n\t\t\t\t\t\n\t\t\t\t\t\tDan \u0218tefancu &#8211; Lead developer WordPress @ Dream Production\n\t\t\t\t\t\t\t\t\t<\/h2>\n\n\t\t\t\t<div class=\"wcorg-speaker-description\">\n\t\t\t\t\t<img alt='' src='https:\/\/secure.gravatar.com\/avatar\/6f8584cfb5e8eaa94e6ef2cfbe091efbd17e02cd3eecd21ee54b0d6146e064cd?s=100&#038;d=mm&#038;r=g' srcset='https:\/\/secure.gravatar.com\/avatar\/6f8584cfb5e8eaa94e6ef2cfbe091efbd17e02cd3eecd21ee54b0d6146e064cd?s=200&#038;d=mm&#038;r=g 2x' class='avatar avatar-100 photo' height='100' width='100' \/>\t\t\t\t\t<p>Lead developer WordPress \u00een Dream Production din 2012, dup\u0103 o experien\u021b\u0103 de 6 ani ca freelancer \u00een domeniu. Dan a pus prima oar\u0103 m\u00e2na pe WordPress \u00een 2005.<br \/>\nCeea ce a \u00eenceput ca o curiozitate a devenit \u00een timp o pasiune pe care Dan \u0219i-o alimenteaz\u0103 meticulos, c\u0103ut\u00e2nd solu\u021bii simple pentru clien\u021bi, dar \u0219i pentru comunitate. Printre altele, a coordonat echipa de traducere a &#8220;WordPress \u00een rom\u00e2n\u0103&#8221;.<\/p>\n<p>Topic: Managementul dependin\u021belor. Front-end \u0219i back-end<\/p>\n\t\t\t\t<\/div>\n\t\t\t<\/div>\n\n\t\t\n\t\t\t<!-- Organizers note: The id attribute is deprecated and only remains for backwards compatibility, please use the corresponding class to target individual speakers -->\n\t\t\t<div id=\"wcorg-speaker-veselin-nikolov-team-lead-of-the-store-developers-automattic\" class=\"wcorg-speaker wcorg-speaker-veselin-nikolov-team-lead-of-the-store-developers-automattic\">\n\t\t\t\t<h2>\n\t\t\t\t\t\n\t\t\t\t\t\tVeselin Nikolov &#8211; Team Lead of the Store Developers @ Automattic\n\t\t\t\t\t\t\t\t\t<\/h2>\n\n\t\t\t\t<div class=\"wcorg-speaker-description\">\n\t\t\t\t\t<img alt='' src='https:\/\/secure.gravatar.com\/avatar\/5f0ee9d86c04bc37653bb6adfeba93e6d5b57f2356d32c06fd2de25ad4adfbe6?s=100&#038;d=mm&#038;r=g' srcset='https:\/\/secure.gravatar.com\/avatar\/5f0ee9d86c04bc37653bb6adfeba93e6d5b57f2356d32c06fd2de25ad4adfbe6?s=200&#038;d=mm&#038;r=g 2x' class='avatar avatar-100 photo' height='100' width='100' \/>\t\t\t\t\t<p>Veselin lucreaz\u0103 la Automattic din 2011, face parte din echipele WordCamp Sofia \u015fi WordCamp Europe (WordCamp Europe 2014 va avea loc \u00een Sofia, detalii <a href=\"http:\/\/2014.europe.wordcamp.org\">aici<\/a>). \u00cen trecut, Veselin a lucrat la Microsoft pentru 11 ani. \u00cen 2004 \u015fi-a deschis un <a href=\"http:\/\/dzver.com\/blog\/\">blog personal<\/a> \u015fi a \u00eenfiin\u0163at o re\u0163ea <a href=\"http:\/\/topbloglog.com\">local\u0103 de blogging<\/a>. \u00cen cele din urm\u0103, hobby-urile sale s-au transformat \u00eentr-un job full-time. <\/p>\n<p>Topic: WordPress Performance  &#8211; Why speed matters (Little evil SQL queries; Indexes, joins; Bottlenecks, cron jobs, ajax for slow stuff).<\/p>\n\t\t\t\t<\/div>\n\t\t\t<\/div>\n\n\t\t\n\t\t\t<!-- Organizers note: The id attribute is deprecated and only remains for backwards compatibility, please use the corresponding class to target individual speakers -->\n\t\t\t<div id=\"wcorg-speaker-mihai-grigori-wpml\" class=\"wcorg-speaker wcorg-speaker-mihai-grigori-wpml\">\n\t\t\t\t<h2>\n\t\t\t\t\t\n\t\t\t\t\t\tMihai Grigori &#8211; Product Manager WPML\n\t\t\t\t\t\t\t\t\t<\/h2>\n\n\t\t\t\t<div class=\"wcorg-speaker-description\">\n\t\t\t\t\t<img alt='' src='https:\/\/secure.gravatar.com\/avatar\/3748c97a65aae890597b7a74090e464b0d567ce3ad507eee4e900c1e498e7ef3?s=100&#038;d=mm&#038;r=g' srcset='https:\/\/secure.gravatar.com\/avatar\/3748c97a65aae890597b7a74090e464b0d567ce3ad507eee4e900c1e498e7ef3?s=200&#038;d=mm&#038;r=g 2x' class='avatar avatar-100 photo' height='100' width='100' \/>\t\t\t\t\t<p>Absolvent Automatic\u0103 \u0219i Calculatoare Ia\u0219i, 2004. Inginer &#8211; automatic\u0103 \u0219i informatic\u0103 industrial\u0103.<\/p>\n<p>Experien\u021b\u0103 de peste 10 ani \u00een domeniul program\u0103rii web \u0219i cu platforma WordPress \u00eencep\u00e2nd cu versiunea 1.2 (de pe la \u00eenceput). \u00cen prezent, web developer \u0219i product manager (WooCommerce Multilingual) \u00een cadrul OnTheGoSystems Inc. <\/p>\n<p>Topic: WordPress Multilingual &#8211; the most popular WordPress plugin that helps you build multilingual site<\/p>\n\t\t\t\t<\/div>\n\t\t\t<\/div>\n\n\t\t\n\t\t\t<!-- Organizers note: The id attribute is deprecated and only remains for backwards compatibility, please use the corresponding class to target individual speakers -->\n\t\t\t<div id=\"wcorg-speaker-stefan-cosma\" class=\"wcorg-speaker wcorg-speaker-stefan-cosma\">\n\t\t\t\t<h2>\n\t\t\t\t\t\n\t\t\t\t\t\t\u0218tefan Cosma &#8211; Community Manager and Developer Advocate @Koding.com\n\t\t\t\t\t\t\t\t\t<\/h2>\n\n\t\t\t\t<div class=\"wcorg-speaker-description\">\n\t\t\t\t\t<img alt='' src='https:\/\/secure.gravatar.com\/avatar\/40c2275ba30af4422ac3b3a0761e6e59a12a89bf450f3dadaee74c6eba442216?s=100&#038;d=mm&#038;r=g' srcset='https:\/\/secure.gravatar.com\/avatar\/40c2275ba30af4422ac3b3a0761e6e59a12a89bf450f3dadaee74c6eba442216?s=200&#038;d=mm&#038;r=g 2x' class='avatar avatar-100 photo' height='100' width='100' \/>\t\t\t\t\t<p>Stefan este community manager si developer advocate la <a href=\"https:\/\/koding.com\/\">Koding<\/a> de pe vremea cand acesta avea doar 900 de membri (adica de acum vreo 2 ani!). Se ocupa de cam tot ce tine de comunitate, dar pe langa asta face si dezvoltare pentru Koding. Ii place sa duca lucrurile la extrem si sa experimenteze cu WordPress, cu care lucreaza de mai bine de 5 ani. Pe Stefan il gasiti <a href=\"https:\/\/coderbits.com\/stefanbc\">cam peste tot<\/a>.<\/p>\n<p>Topic: WordPress Development Anywhere<\/p>\n\t\t\t\t<\/div>\n\t\t\t<\/div>\n\n\t\t\n\t\t\t<!-- Organizers note: The id attribute is deprecated and only remains for backwards compatibility, please use the corresponding class to target individual speakers -->\n\t\t\t<div id=\"wcorg-speaker-andrei-chira\" class=\"wcorg-speaker wcorg-speaker-andrei-chira\">\n\t\t\t\t<h2>\n\t\t\t\t\t\n\t\t\t\t\t\tAndrei Chira &#8211; Owner SimpleNet.ro\n\t\t\t\t\t\t\t\t\t<\/h2>\n\n\t\t\t\t<div class=\"wcorg-speaker-description\">\n\t\t\t\t\t<img alt='' src='https:\/\/secure.gravatar.com\/avatar\/bc9be8a2c726cf5c1a83befafaac119c3ed3e9cd7babd7c85ce1804dd4e6b2ea?s=100&#038;d=mm&#038;r=g' srcset='https:\/\/secure.gravatar.com\/avatar\/bc9be8a2c726cf5c1a83befafaac119c3ed3e9cd7babd7c85ce1804dd4e6b2ea?s=200&#038;d=mm&#038;r=g 2x' class='avatar avatar-100 photo' height='100' width='100' \/>\t\t\t\t\t<p>A inceput &#8220;aventura&#8221; de antreprenoriat online in 2007 prin lansarea unui magazin online de IT. In 2009 a descoperit WordPress si asta i-a schimbat complet viziunea despre &#8220;afaceri online&#8221;. In 2012 a lansat Simplenet, prin care ofera hosting specializat WordPress si ajuta publisherii online mici sa aiba site-uri mai rapide si mai scalabile oferindu-le o sansa in lupta cu cei mari. Il gasiti pe blogul personal  &#8211; <a href=\"http:\/\/www.andreichira.ro\/\">andreichira.ro<\/a><\/p>\n<p>Topic: De la Magento la WordPress, cum mi-a schimbat WordPress via\u0163a<\/p>\n\t\t\t\t<\/div>\n\t\t\t<\/div>\n\n\t\t\n\t\t\t<!-- Organizers note: The id attribute is deprecated and only remains for backwards compatibility, please use the corresponding class to target individual speakers -->\n\t\t\t<div id=\"wcorg-speaker-calin-don-cto-and-co-founder-presslabs\" class=\"wcorg-speaker wcorg-speaker-calin-don-cto-and-co-founder-presslabs\">\n\t\t\t\t<h2>\n\t\t\t\t\t\n\t\t\t\t\t\tC\u0103lin Don &#8211; CTO and co-founder @ PressLabs\n\t\t\t\t\t\t\t\t\t<\/h2>\n\n\t\t\t\t<div class=\"wcorg-speaker-description\">\n\t\t\t\t\t<img alt='' src='https:\/\/secure.gravatar.com\/avatar\/07c41f8226f1060a4fff2e2d4650bd53b090631b5ff1b991469a46944af0e9ec?s=100&#038;d=mm&#038;r=g' srcset='https:\/\/secure.gravatar.com\/avatar\/07c41f8226f1060a4fff2e2d4650bd53b090631b5ff1b991469a46944af0e9ec?s=200&#038;d=mm&#038;r=g 2x' class='avatar avatar-100 photo' height='100' width='100' \/>\t\t\t\t\t<p>8yrs web development experience with WordPress, multilingual code generator and other infamous titles.<\/p>\n<p>Title: Game changing git based WordPress development<\/p>\n\t\t\t\t<\/div>\n\t\t\t<\/div>\n\n\t\t\n\t<\/div>\n\n\t\n<p> Noi nume ale speciali\u015ftilor care vor vorbi la WordCamp Rom\u00e2nia 2014 din Timi\u015foara, precum \u015fi programul \u015fi detalii despre locul de desf\u0103\u015furare vor fi anun\u0163ate \u00een cur\u00e2nd. <\/p>\n","protected":false},"excerpt":{"rendered":"<p>Speakerii Conferin\u0163ei WordCamp Rom\u00e2nia 2014 din Timi\u015foara sunt speciali\u015fti cu o bogat\u0103 experien\u0163\u0103 \u00een WordPress, dintre care amintim: Noi nume ale speciali\u015ftilor care vor vorbi la WordCamp Rom\u00e2nia 2014 din Timi\u015foara, precum \u015fi programul \u015fi detalii despre locul de desf\u0103\u015furare vor fi anun\u0163ate \u00een cur\u00e2nd.<\/p>\n","protected":false},"author":13723373,"featured_media":0,"parent":0,"menu_order":4,"comment_status":"closed","ping_status":"closed","template":"","meta":{"jetpack_post_was_ever_published":false,"footnotes":""},"class_list":["post-2","page","type-page","status-publish","hentry"],"jetpack_sharing_enabled":true,"_links":{"self":[{"href":"https:\/\/romania.wordcamp.org\/2014\/wp-json\/wp\/v2\/pages\/2","targetHints":{"allow":["GET"]}}],"collection":[{"href":"https:\/\/romania.wordcamp.org\/2014\/wp-json\/wp\/v2\/pages"}],"about":[{"href":"https:\/\/romania.wordcamp.org\/2014\/wp-json\/wp\/v2\/types\/page"}],"author":[{"embeddable":true,"href":"https:\/\/romania.wordcamp.org\/2014\/wp-json\/wp\/v2\/users\/13723373"}],"replies":[{"embeddable":true,"href":"https:\/\/romania.wordcamp.org\/2014\/wp-json\/wp\/v2\/comments?post=2"}],"version-history":[{"count":24,"href":"https:\/\/romania.wordcamp.org\/2014\/wp-json\/wp\/v2\/pages\/2\/revisions"}],"predecessor-version":[{"id":69065,"href":"https:\/\/romania.wordcamp.org\/2014\/wp-json\/wp\/v2\/pages\/2\/revisions\/69065"}],"wp:attachment":[{"href":"https:\/\/romania.wordcamp.org\/2014\/wp-json\/wp\/v2\/media?parent=2"}],"curies":[{"name":"wp","href":"https:\/\/api.w.org\/{rel}","templated":true}]}}