{"id":1,"date":"2014-03-28T17:52:15","date_gmt":"2014-03-28T17:52:15","guid":{"rendered":"https:\/\/2014.romania.wordcamp.org\/schedule\/"},"modified":"2014-06-27T09:31:54","modified_gmt":"2014-06-27T09:31:54","slug":"program","status":"publish","type":"page","link":"https:\/\/romania.wordcamp.org\/2014\/program\/","title":{"rendered":"Program"},"content":{"rendered":"<p>S\u00e2mb\u0103t\u0103, 28 iunie \u2013 WordCamp Conference Day<\/p>\n<p>Prima zi a conferin\u021bei se va desf\u0103\u0219ura \u00een amfiteatrul ADM etajul 1 Str. J.H.Pestalozzi, nr. 16 300115 Timi\u0219oara, pus la dispozi\u021bie de <a href=\"http:\/\/www.uvt.ro\/ro\/\">Universitatea de Vest din Timisoara<\/a> si <a href=\"http:\/\/www.feaa.uvt.ro\/ro\/\">FEAA<\/a> cu ajutorul <a href=\"http:\/\/osut.ro\/\">OSUT<\/a>.<br \/>\n\u00centreaga zi va fi marcat\u0103 de prezent\u0103ri \u00een intervalul orar 9:00-18:00 sus\u021binute de invita\u021bii speciali.<\/p>\n<p>&nbsp;&nbsp;9:00 &#8211; <b>Primirea participan\u021bilor<\/b><br \/>\n&nbsp;&nbsp;9:50 &#8211; <b>Deschiderea WordCamp Rom\u00e2nia<\/b><br \/>\n10:00 &#8211; Building Web Applications with WordPress &#8211; <b>Cristian Antohe<\/b><br \/>\n10:30 &#8211; Internationalizarea Site-urilor Web &#8211; <b>Mihai Grigori<\/b><br \/>\n11:00 &#8211; Lessons from working on WordPress.com &#8211; <b>Veselin Nikolov<\/b><br \/>\n11:30 &#8211; Managementul dependin\u021belor. Front-end \u0219i back-end &#8211; <b>Dan-Lucian \u0218tefancu<\/b><br \/>\n12:00 &#8211; WordPress Development Anywhere &#8211; <b>\u0218tefan Cosma<\/b><br \/>\n12:30 &#8211; Pr\u00e2nz<br \/>\n13:30 &#8211; How WordPress Influences Design &#8211; <b>Silviu Runceanu<\/b><br \/>\n14:00 &#8211; WordPress se \u00eenva\u0163a \u015fi la facultate &#8211; <b>Prof. Dr. Mirela-Catrinel Voicu<\/b><br \/>\n14:30 &#8211; Game changing git based WordPress development &#8211; <b>C\u0103lin Don<\/b><br \/>\n15:00 &#8211; From Europe with Love: How to coordinate teams across the globe for maximum productivity &#8211; <b>Karim Marucchi<\/b><br \/>\n15:30 &#8211; Git Tricks &#8211; The Basics &#8211; <b>Ivelina Dimova<\/b><br \/>\n16:00 &#8211; Pauz\u0103<br \/>\n16:30 &#8211; Modern WordPress development: Insight into procedures, practices and tools we use &#8211; <b>Vladimir Prelovac<\/b><br \/>\n17:00 &#8211; From Newb to Imposter &#8211; and beyond &#8211; in 5 Simple Steps &#8211; <b>Eric Mann<\/b><br \/>\n17:30 &#8211; Cum mi-a schimbat WordPress via\u0163a &#8211; <b>Andrei Chira<\/b><br \/>\n18:00 &#8211; <b>\u00cenchidere<\/b><\/p>\n<p>La ora 21:00 avem preg\u0103tit party-ul \u00een <a href=\"https:\/\/www.facebook.com\/club.darc.timisoara\">Club D&#8217;Arc<\/a> P-ta Unirii nr.5, Timi\u0219oara.<\/p>\n<p>Duminic\u0103 29 iunie &#8211; WordCamp Leisure Day<br \/>\nA doua zi a conferin\u021bei se va desf\u0103\u0219ura sub umbrela relax\u0103rii \u0219i social networking-ului \u00een cadrul biroului <a href=\"http:\/\/www.presslabs.com\/\">PressLabs<\/a> aflat la adresa Spl. Tudor Vladimirescu nr 12 ap 3, Timi\u0219oara. Se vor organiza dou\u0103 grupuri (de la ora 11:00 \u0219i de la ora 15:00) pentru turul de 2-3 ore al ora\u0219ului organizat \u00een colaborare cu <a href=\"https:\/\/www.facebook.com\/Timisoara.Tour.Guide\">Timi\u0219oara Tour Guide<\/a>. <\/p>\n<p>10:00 &#8211; 20:00 &#8211; Leisure day @PressLabs office<br \/>\n11:00 &#8211; 14:00 &#8211; Timi\u0219oara City Tour #1<br \/>\n14:00 &#8211; 15:00 &#8211; Pizza @PressLabs office<br \/>\n15:00 &#8211; 18:00 &#8211; Timi\u0219oara City Tour #1<\/p>\n<p><!--[schedule date=\"YYYY-MM-DD\" tracks=\"example-track,another-example-track,yet-another-example-track\"]--><\/p>\n","protected":false},"excerpt":{"rendered":"<p>S\u00e2mb\u0103t\u0103, 28 iunie \u2013 WordCamp Conference Day Prima zi a conferin\u021bei se va desf\u0103\u0219ura \u00een amfiteatrul ADM etajul 1 Str. J.H.Pestalozzi, nr. 16 300115 Timi\u0219oara, pus la dispozi\u021bie de Universitatea de Vest din Timisoara si FEAA cu ajutorul OSUT. \u00centreaga zi va fi marcat\u0103 de prezent\u0103ri \u00een intervalul orar 9:00-18:00 sus\u021binute de invita\u021bii speciali. &nbsp;&nbsp;9:00 &hellip; <a href=\"https:\/\/romania.wordcamp.org\/2014\/program\/\" class=\"more-link\">Continue reading <span class=\"screen-reader-text\">Program<\/span> <span class=\"meta-nav\">&rarr;<\/span><\/a><\/p>\n","protected":false},"author":13723373,"featured_media":0,"parent":0,"menu_order":2,"comment_status":"closed","ping_status":"closed","template":"","meta":{"jetpack_post_was_ever_published":false,"footnotes":""},"class_list":["post-1","page","type-page","status-publish","hentry"],"jetpack_sharing_enabled":true,"_links":{"self":[{"href":"https:\/\/romania.wordcamp.org\/2014\/wp-json\/wp\/v2\/pages\/1","targetHints":{"allow":["GET"]}}],"collection":[{"href":"https:\/\/romania.wordcamp.org\/2014\/wp-json\/wp\/v2\/pages"}],"about":[{"href":"https:\/\/romania.wordcamp.org\/2014\/wp-json\/wp\/v2\/types\/page"}],"author":[{"embeddable":true,"href":"https:\/\/romania.wordcamp.org\/2014\/wp-json\/wp\/v2\/users\/13723373"}],"replies":[{"embeddable":true,"href":"https:\/\/romania.wordcamp.org\/2014\/wp-json\/wp\/v2\/comments?post=1"}],"version-history":[{"count":21,"href":"https:\/\/romania.wordcamp.org\/2014\/wp-json\/wp\/v2\/pages\/1\/revisions"}],"predecessor-version":[{"id":69628,"href":"https:\/\/romania.wordcamp.org\/2014\/wp-json\/wp\/v2\/pages\/1\/revisions\/69628"}],"wp:attachment":[{"href":"https:\/\/romania.wordcamp.org\/2014\/wp-json\/wp\/v2\/media?parent=1"}],"curies":[{"name":"wp","href":"https:\/\/api.w.org\/{rel}","templated":true}]}}